{"id":18,"date":"2025-02-12T14:37:37","date_gmt":"2025-02-12T14:37:37","guid":{"rendered":"https:\/\/chusmanzanares.com\/?page_id=18"},"modified":"2025-06-04T09:17:11","modified_gmt":"2025-06-04T09:17:11","slug":"contacta-con-manzanares-arquitectos","status":"publish","type":"page","link":"https:\/\/chusmanzanares.com\/en\/contacta-con-manzanares-arquitectos\/","title":{"rendered":"Contacta con Manzanares Arquitectos"},"content":{"rendered":"\t\t<div data-elementor-type=\"wp-page\" data-elementor-id=\"18\" class=\"elementor elementor-18\" data-elementor-post-type=\"page\">\n\t\t\t\t<div class=\"elementor-element elementor-element-c525b51 e-flex e-con-boxed e-con e-parent\" data-id=\"c525b51\" data-element_type=\"container\" data-e-type=\"container\" data-settings=\"{&quot;background_background&quot;:&quot;classic&quot;}\">\n\t\t\t\t\t<div class=\"e-con-inner\">\n\t\t<div class=\"elementor-element elementor-element-4a10da7 e-con-full e-flex e-con e-child\" data-id=\"4a10da7\" data-element_type=\"container\" data-e-type=\"container\">\n\t\t\t\t<div class=\"elementor-element elementor-element-0883ab0 elementor-invisible elementor-widget elementor-widget-heading\" data-id=\"0883ab0\" data-element_type=\"widget\" data-e-type=\"widget\" data-settings=\"{&quot;_animation&quot;:&quot;fadeInUp&quot;}\" data-widget_type=\"heading.default\">\n\t\t\t\t<div class=\"elementor-widget-container\">\n\t\t\t\t\t<h1 class=\"elementor-heading-title elementor-size-default\">Contacta con Manzanares Arquitectos<\/h1>\t\t\t\t<\/div>\n\t\t\t\t<\/div>\n\t\t\t\t<\/div>\n\t\t\t\t\t<\/div>\n\t\t\t\t<\/div>\n\t\t<div class=\"elementor-element elementor-element-15f0b26 e-flex e-con-boxed e-con e-parent\" data-id=\"15f0b26\" data-element_type=\"container\" data-e-type=\"container\" data-settings=\"{&quot;background_background&quot;:&quot;classic&quot;}\">\n\t\t\t\t\t<div class=\"e-con-inner\">\n\t\t\t\t<div class=\"elementor-element elementor-element-266a208 elementor-widget elementor-widget-text-editor\" data-id=\"266a208\" data-element_type=\"widget\" data-e-type=\"widget\" data-widget_type=\"text-editor.default\">\n\t\t\t\t<div class=\"elementor-widget-container\">\n\t\t\t\t\t\t\t\t\t<p><span style=\"font-weight: 400;\">Contacta con nuestro estudio de arquitectos. Estamos a tu disposici\u00f3n para hacer realidad tus<a href=\"https:\/\/chusmanzanares.com\/proyectos-de-edificacion-y-construccion-sostenible\/\" target=\"_blank\" rel=\"noopener\"> proyectos de edificaci\u00f3n<\/a>. Si tienes alguna consulta, deseas solicitar un presupuesto o quieres conocer m\u00e1s sobre nuestros servicios en <\/span><b>arquitectura y dise\u00f1o<\/b><span style=\"font-weight: 400;\">, no dudes en ponerte en contacto con nosotros. Nuestro equipo de expertos est\u00e1 listo para atenderte y ofrecerte soluciones personalizadas.<\/span><\/p>\t\t\t\t\t\t\t\t<\/div>\n\t\t\t\t<\/div>\n\t\t\t\t<div class=\"elementor-element elementor-element-a722d0f elementor-widget elementor-widget-heading\" data-id=\"a722d0f\" data-element_type=\"widget\" data-e-type=\"widget\" data-widget_type=\"heading.default\">\n\t\t\t\t<div class=\"elementor-widget-container\">\n\t\t\t\t\t<h2 class=\"elementor-heading-title elementor-size-default\">Cont\u00e1ctanos:<\/h2>\t\t\t\t<\/div>\n\t\t\t\t<\/div>\n\t\t<div class=\"elementor-element elementor-element-b109ec9 e-con-full e-flex e-con e-child\" data-id=\"b109ec9\" data-element_type=\"container\" data-e-type=\"container\">\n\t\t\t\t<div class=\"elementor-element elementor-element-30ceade elementor-button-align-stretch elementor-widget elementor-widget-form\" data-id=\"30ceade\" data-element_type=\"widget\" data-e-type=\"widget\" data-settings=\"{&quot;step_next_label&quot;:&quot;Siguiente&quot;,&quot;step_previous_label&quot;:&quot;Anterior&quot;,&quot;button_width&quot;:&quot;100&quot;,&quot;step_type&quot;:&quot;number_text&quot;,&quot;step_icon_shape&quot;:&quot;circle&quot;}\" data-widget_type=\"form.default\">\n\t\t\t\t<div class=\"elementor-widget-container\">\n\t\t\t\t\t\t\t<form class=\"elementor-form\" method=\"post\" name=\"Nuevo formulario\">\n\t\t\t<input type=\"hidden\" name=\"post_id\" value=\"18\"\/>\n\t\t\t<input type=\"hidden\" name=\"form_id\" value=\"30ceade\"\/>\n\t\t\t<input type=\"hidden\" name=\"referer_title\" value=\"Contacta con Manzanares Arquitectos | Estudio de arquitectura\" \/>\n\n\t\t\t\t\t\t\t<input type=\"hidden\" name=\"queried_id\" value=\"18\"\/>\n\t\t\t\n\t\t\t<div class=\"elementor-form-fields-wrapper elementor-labels-above\">\n\t\t\t\t\t\t\t\t<div class=\"elementor-field-type-text elementor-field-group elementor-column elementor-field-group-name elementor-col-100 elementor-field-required elementor-mark-required\">\n\t\t\t\t\t\t\t\t\t\t\t\t<label for=\"form-field-name\" class=\"elementor-field-label\">\n\t\t\t\t\t\t\t\tNombre\t\t\t\t\t\t\t<\/label>\n\t\t\t\t\t\t\t\t\t\t\t\t\t\t<input size=\"1\" type=\"text\" name=\"form_fields[name]\" id=\"form-field-name\" class=\"elementor-field elementor-size-sm  elementor-field-textual\" required=\"required\">\n\t\t\t\t\t\t\t\t\t\t\t<\/div>\n\t\t\t\t\t\t\t\t<div class=\"elementor-field-type-email elementor-field-group elementor-column elementor-field-group-email elementor-col-100 elementor-field-required elementor-mark-required\">\n\t\t\t\t\t\t\t\t\t\t\t\t<label for=\"form-field-email\" class=\"elementor-field-label\">\n\t\t\t\t\t\t\t\tCorreo electr\u00f3nico\t\t\t\t\t\t\t<\/label>\n\t\t\t\t\t\t\t\t\t\t\t\t\t\t<input size=\"1\" type=\"email\" name=\"form_fields[email]\" id=\"form-field-email\" class=\"elementor-field elementor-size-sm  elementor-field-textual\" required=\"required\">\n\t\t\t\t\t\t\t\t\t\t\t<\/div>\n\t\t\t\t\t\t\t\t<div class=\"elementor-field-type-textarea elementor-field-group elementor-column elementor-field-group-message elementor-col-100 elementor-field-required elementor-mark-required\">\n\t\t\t\t\t\t\t\t\t\t\t\t<label for=\"form-field-message\" class=\"elementor-field-label\">\n\t\t\t\t\t\t\t\tMensaje\t\t\t\t\t\t\t<\/label>\n\t\t\t\t\t\t<textarea class=\"elementor-field-textual elementor-field  elementor-size-sm\" name=\"form_fields[message]\" id=\"form-field-message\" rows=\"4\" required=\"required\"><\/textarea>\t\t\t\t<\/div>\n\t\t\t\t\t\t\t\t<div class=\"elementor-field-group elementor-column elementor-field-type-submit elementor-col-100 e-form__buttons\">\n\t\t\t\t\t<button class=\"elementor-button elementor-size-sm\" type=\"submit\">\n\t\t\t\t\t\t<span class=\"elementor-button-content-wrapper\">\n\t\t\t\t\t\t\t\t\t\t\t\t\t\t\t\t\t\t\t\t\t\t<span class=\"elementor-button-text\">Enviar<\/span>\n\t\t\t\t\t\t\t\t\t\t\t\t\t<\/span>\n\t\t\t\t\t<\/button>\n\t\t\t\t<\/div>\n\t\t\t<\/div>\n\t\t<\/form>\n\t\t\t\t\t\t<\/div>\n\t\t\t\t<\/div>\n\t\t\t\t<\/div>\n\t\t<div class=\"elementor-element elementor-element-fdd2c60 e-con-full e-flex e-con e-child\" data-id=\"fdd2c60\" data-element_type=\"container\" data-e-type=\"container\">\n\t\t<div class=\"elementor-element elementor-element-12176ac e-con-full e-flex e-con e-child\" data-id=\"12176ac\" data-element_type=\"container\" data-e-type=\"container\">\n\t\t\t\t<div class=\"elementor-element elementor-element-1ebe719 elementor-widget elementor-widget-image\" data-id=\"1ebe719\" data-element_type=\"widget\" data-e-type=\"widget\" data-widget_type=\"image.default\">\n\t\t\t\t<div class=\"elementor-widget-container\">\n\t\t\t\t\t\t\t\t\t\t\t\t\t\t\t<img decoding=\"async\" width=\"1\" height=\"1\" src=\"https:\/\/chusmanzanares.com\/wp-content\/uploads\/2025\/02\/email.svg\" class=\"attachment-thumbnail size-thumbnail wp-image-127\" alt=\"email\" \/>\t\t\t\t\t\t\t\t\t\t\t\t\t\t\t<\/div>\n\t\t\t\t<\/div>\n\t\t\t\t<div class=\"elementor-element elementor-element-3de4ed3 elementor-widget elementor-widget-heading\" data-id=\"3de4ed3\" data-element_type=\"widget\" data-e-type=\"widget\" data-widget_type=\"heading.default\">\n\t\t\t\t<div class=\"elementor-widget-container\">\n\t\t\t\t\t<h3 class=\"elementor-heading-title elementor-size-default\">Email<\/h3>\t\t\t\t<\/div>\n\t\t\t\t<\/div>\n\t\t\t\t<div class=\"elementor-element elementor-element-5642f0c elementor-widget elementor-widget-heading\" data-id=\"5642f0c\" data-element_type=\"widget\" data-e-type=\"widget\" data-widget_type=\"heading.default\">\n\t\t\t\t<div class=\"elementor-widget-container\">\n\t\t\t\t\t<p class=\"elementor-heading-title elementor-size-default\">administraci\u00f3n@chusmanzanares.com<\/p>\t\t\t\t<\/div>\n\t\t\t\t<\/div>\n\t\t\t\t<\/div>\n\t\t<div class=\"elementor-element elementor-element-56aa95a e-con-full e-flex e-con e-child\" data-id=\"56aa95a\" data-element_type=\"container\" data-e-type=\"container\">\n\t\t\t\t<div class=\"elementor-element elementor-element-bdfb443 elementor-widget elementor-widget-image\" data-id=\"bdfb443\" data-element_type=\"widget\" data-e-type=\"widget\" data-widget_type=\"image.default\">\n\t\t\t\t<div class=\"elementor-widget-container\">\n\t\t\t\t\t\t\t\t\t\t\t\t\t\t\t<img decoding=\"async\" width=\"1\" height=\"1\" src=\"https:\/\/chusmanzanares.com\/wp-content\/uploads\/2025\/02\/phone.svg\" class=\"attachment-thumbnail size-thumbnail wp-image-126\" alt=\"phone\" \/>\t\t\t\t\t\t\t\t\t\t\t\t\t\t\t<\/div>\n\t\t\t\t<\/div>\n\t\t\t\t<div class=\"elementor-element elementor-element-2b7da8e elementor-widget elementor-widget-heading\" data-id=\"2b7da8e\" data-element_type=\"widget\" data-e-type=\"widget\" data-widget_type=\"heading.default\">\n\t\t\t\t<div class=\"elementor-widget-container\">\n\t\t\t\t\t<h3 class=\"elementor-heading-title elementor-size-default\">Tel\u00e9fono<\/h3>\t\t\t\t<\/div>\n\t\t\t\t<\/div>\n\t\t\t\t<div class=\"elementor-element elementor-element-47825bf elementor-widget elementor-widget-heading\" data-id=\"47825bf\" data-element_type=\"widget\" data-e-type=\"widget\" data-widget_type=\"heading.default\">\n\t\t\t\t<div class=\"elementor-widget-container\">\n\t\t\t\t\t<p class=\"elementor-heading-title elementor-size-default\">+34 913 45 54 32<\/p>\t\t\t\t<\/div>\n\t\t\t\t<\/div>\n\t\t\t\t<\/div>\n\t\t<div class=\"elementor-element elementor-element-a872ef8 e-con-full e-flex e-con e-child\" data-id=\"a872ef8\" data-element_type=\"container\" data-e-type=\"container\">\n\t\t\t\t<div class=\"elementor-element elementor-element-9ce9042 elementor-widget elementor-widget-image\" data-id=\"9ce9042\" data-element_type=\"widget\" data-e-type=\"widget\" data-widget_type=\"image.default\">\n\t\t\t\t<div class=\"elementor-widget-container\">\n\t\t\t\t\t\t\t\t\t\t\t\t\t\t\t<img decoding=\"async\" width=\"1\" height=\"1\" src=\"https:\/\/chusmanzanares.com\/wp-content\/uploads\/2025\/02\/place.svg\" class=\"attachment-thumbnail size-thumbnail wp-image-125\" alt=\"place\" \/>\t\t\t\t\t\t\t\t\t\t\t\t\t\t\t<\/div>\n\t\t\t\t<\/div>\n\t\t\t\t<div class=\"elementor-element elementor-element-eb0bd59 elementor-widget elementor-widget-heading\" data-id=\"eb0bd59\" data-element_type=\"widget\" data-e-type=\"widget\" data-widget_type=\"heading.default\">\n\t\t\t\t<div class=\"elementor-widget-container\">\n\t\t\t\t\t<h3 class=\"elementor-heading-title elementor-size-default\">Ubicaci\u00f3n<\/h3>\t\t\t\t<\/div>\n\t\t\t\t<\/div>\n\t\t\t\t<div class=\"elementor-element elementor-element-3fda802 elementor-widget elementor-widget-heading\" data-id=\"3fda802\" data-element_type=\"widget\" data-e-type=\"widget\" data-widget_type=\"heading.default\">\n\t\t\t\t<div class=\"elementor-widget-container\">\n\t\t\t\t\t<p class=\"elementor-heading-title elementor-size-default\"> C. de Triana, 53, Chamart\u00edn, 28016 Madrid<\/p>\t\t\t\t<\/div>\n\t\t\t\t<\/div>\n\t\t\t\t<\/div>\n\t\t\t\t<\/div>\n\t\t\t\t\t<\/div>\n\t\t\t\t<\/div>\n\t\t\t\t<\/div>\n\t\t","protected":false},"excerpt":{"rendered":"<p>Contacta con Manzanares Arquitectos Contacta con nuestro estudio de arquitectos. Estamos a tu disposici\u00f3n para hacer realidad tus proyectos de edificaci\u00f3n. Si tienes alguna consulta, deseas solicitar un presupuesto o quieres conocer m\u00e1s sobre nuestros servicios en arquitectura y dise\u00f1o, no dudes en ponerte en contacto con nosotros. Nuestro equipo de expertos est\u00e1 listo para [&hellip;]<\/p>\n","protected":false},"author":2,"featured_media":0,"parent":0,"menu_order":0,"comment_status":"closed","ping_status":"closed","template":"elementor_header_footer","meta":{"_acf_changed":false,"footnotes":""},"class_list":["post-18","page","type-page","status-publish","hentry"],"acf":[],"yoast_head":"<!-- This site is optimized with the Yoast SEO plugin v25.0 - https:\/\/yoast.com\/wordpress\/plugins\/seo\/ -->\n<title>Contacta con Manzanares Arquitectos | Estudio de arquitectura<\/title>\n<meta name=\"description\" content=\"\u00bfTienes un proyecto? Contacta con Manzanares Arquitectos y descubre c\u00f3mo podemos ayudarte a dise\u00f1ar tu espacio.\" \/>\n<meta name=\"robots\" content=\"index, follow, max-snippet:-1, max-image-preview:large, max-video-preview:-1\" \/>\n<link rel=\"canonical\" href=\"https:\/\/chusmanzanares.com\/en\/contacta-con-manzanares-arquitectos\/\" \/>\n<meta property=\"og:locale\" content=\"en_US\" \/>\n<meta property=\"og:type\" content=\"article\" \/>\n<meta property=\"og:title\" content=\"Contacta con Manzanares Arquitectos | Estudio de arquitectura\" \/>\n<meta property=\"og:description\" content=\"\u00bfTienes un proyecto? Contacta con Manzanares Arquitectos y descubre c\u00f3mo podemos ayudarte a dise\u00f1ar tu espacio.\" \/>\n<meta property=\"og:url\" content=\"https:\/\/chusmanzanares.com\/en\/contacta-con-manzanares-arquitectos\/\" \/>\n<meta property=\"og:site_name\" content=\"Chus Manzanares | Arquitectos\" \/>\n<meta property=\"article:modified_time\" content=\"2025-06-04T09:17:11+00:00\" \/>\n<meta name=\"twitter:card\" content=\"summary_large_image\" \/>\n<meta name=\"twitter:label1\" content=\"Est. reading time\" \/>\n\t<meta name=\"twitter:data1\" content=\"1 minute\" \/>\n<script type=\"application\/ld+json\" class=\"yoast-schema-graph\">{\"@context\":\"https:\/\/schema.org\",\"@graph\":[{\"@type\":\"WebPage\",\"@id\":\"https:\/\/chusmanzanares.com\/contacta-con-manzanares-arquitectos\/\",\"url\":\"https:\/\/chusmanzanares.com\/contacta-con-manzanares-arquitectos\/\",\"name\":\"Contacta con Manzanares Arquitectos | Estudio de arquitectura\",\"isPartOf\":{\"@id\":\"https:\/\/chusmanzanares.com\/#website\"},\"primaryImageOfPage\":{\"@id\":\"https:\/\/chusmanzanares.com\/contacta-con-manzanares-arquitectos\/#primaryimage\"},\"image\":{\"@id\":\"https:\/\/chusmanzanares.com\/contacta-con-manzanares-arquitectos\/#primaryimage\"},\"thumbnailUrl\":\"https:\/\/chusmanzanares.com\/wp-content\/uploads\/2025\/02\/email.svg\",\"datePublished\":\"2025-02-12T14:37:37+00:00\",\"dateModified\":\"2025-06-04T09:17:11+00:00\",\"description\":\"\u00bfTienes un proyecto? Contacta con Manzanares Arquitectos y descubre c\u00f3mo podemos ayudarte a dise\u00f1ar tu espacio.\",\"breadcrumb\":{\"@id\":\"https:\/\/chusmanzanares.com\/contacta-con-manzanares-arquitectos\/#breadcrumb\"},\"inLanguage\":\"en-US\",\"potentialAction\":[{\"@type\":\"ReadAction\",\"target\":[\"https:\/\/chusmanzanares.com\/contacta-con-manzanares-arquitectos\/\"]}]},{\"@type\":\"ImageObject\",\"inLanguage\":\"en-US\",\"@id\":\"https:\/\/chusmanzanares.com\/contacta-con-manzanares-arquitectos\/#primaryimage\",\"url\":\"https:\/\/chusmanzanares.com\/wp-content\/uploads\/2025\/02\/email.svg\",\"contentUrl\":\"https:\/\/chusmanzanares.com\/wp-content\/uploads\/2025\/02\/email.svg\"},{\"@type\":\"BreadcrumbList\",\"@id\":\"https:\/\/chusmanzanares.com\/contacta-con-manzanares-arquitectos\/#breadcrumb\",\"itemListElement\":[{\"@type\":\"ListItem\",\"position\":1,\"name\":\"Portada\",\"item\":\"https:\/\/chusmanzanares.com\/\"},{\"@type\":\"ListItem\",\"position\":2,\"name\":\"Contacta con Manzanares Arquitectos\"}]},{\"@type\":\"WebSite\",\"@id\":\"https:\/\/chusmanzanares.com\/#website\",\"url\":\"https:\/\/chusmanzanares.com\/\",\"name\":\"Chus Manzanares | Arquitectos\",\"description\":\"\",\"publisher\":{\"@id\":\"https:\/\/chusmanzanares.com\/#organization\"},\"potentialAction\":[{\"@type\":\"SearchAction\",\"target\":{\"@type\":\"EntryPoint\",\"urlTemplate\":\"https:\/\/chusmanzanares.com\/?s={search_term_string}\"},\"query-input\":{\"@type\":\"PropertyValueSpecification\",\"valueRequired\":true,\"valueName\":\"search_term_string\"}}],\"inLanguage\":\"en-US\"},{\"@type\":\"Organization\",\"@id\":\"https:\/\/chusmanzanares.com\/#organization\",\"name\":\"Chus Manzanares | Arquitectos\",\"url\":\"https:\/\/chusmanzanares.com\/\",\"logo\":{\"@type\":\"ImageObject\",\"inLanguage\":\"en-US\",\"@id\":\"https:\/\/chusmanzanares.com\/#\/schema\/logo\/image\/\",\"url\":\"https:\/\/chusmanzanares.com\/wp-content\/uploads\/2025\/02\/LogoChus-14.png\",\"contentUrl\":\"https:\/\/chusmanzanares.com\/wp-content\/uploads\/2025\/02\/LogoChus-14.png\",\"width\":4025,\"height\":1085,\"caption\":\"Chus Manzanares | Arquitectos\"},\"image\":{\"@id\":\"https:\/\/chusmanzanares.com\/#\/schema\/logo\/image\/\"}}]}<\/script>\n<!-- \/ Yoast SEO plugin. -->","yoast_head_json":{"title":"Contacta con Manzanares Arquitectos | Estudio de arquitectura","description":"\u00bfTienes un proyecto? Contacta con Manzanares Arquitectos y descubre c\u00f3mo podemos ayudarte a dise\u00f1ar tu espacio.","robots":{"index":"index","follow":"follow","max-snippet":"max-snippet:-1","max-image-preview":"max-image-preview:large","max-video-preview":"max-video-preview:-1"},"canonical":"https:\/\/chusmanzanares.com\/en\/contacta-con-manzanares-arquitectos\/","og_locale":"en_US","og_type":"article","og_title":"Contacta con Manzanares Arquitectos | Estudio de arquitectura","og_description":"\u00bfTienes un proyecto? Contacta con Manzanares Arquitectos y descubre c\u00f3mo podemos ayudarte a dise\u00f1ar tu espacio.","og_url":"https:\/\/chusmanzanares.com\/en\/contacta-con-manzanares-arquitectos\/","og_site_name":"Chus Manzanares | Arquitectos","article_modified_time":"2025-06-04T09:17:11+00:00","twitter_card":"summary_large_image","twitter_misc":{"Est. reading time":"1 minute"},"schema":{"@context":"https:\/\/schema.org","@graph":[{"@type":"WebPage","@id":"https:\/\/chusmanzanares.com\/contacta-con-manzanares-arquitectos\/","url":"https:\/\/chusmanzanares.com\/contacta-con-manzanares-arquitectos\/","name":"Contacta con Manzanares Arquitectos | Estudio de arquitectura","isPartOf":{"@id":"https:\/\/chusmanzanares.com\/#website"},"primaryImageOfPage":{"@id":"https:\/\/chusmanzanares.com\/contacta-con-manzanares-arquitectos\/#primaryimage"},"image":{"@id":"https:\/\/chusmanzanares.com\/contacta-con-manzanares-arquitectos\/#primaryimage"},"thumbnailUrl":"https:\/\/chusmanzanares.com\/wp-content\/uploads\/2025\/02\/email.svg","datePublished":"2025-02-12T14:37:37+00:00","dateModified":"2025-06-04T09:17:11+00:00","description":"\u00bfTienes un proyecto? Contacta con Manzanares Arquitectos y descubre c\u00f3mo podemos ayudarte a dise\u00f1ar tu espacio.","breadcrumb":{"@id":"https:\/\/chusmanzanares.com\/contacta-con-manzanares-arquitectos\/#breadcrumb"},"inLanguage":"en-US","potentialAction":[{"@type":"ReadAction","target":["https:\/\/chusmanzanares.com\/contacta-con-manzanares-arquitectos\/"]}]},{"@type":"ImageObject","inLanguage":"en-US","@id":"https:\/\/chusmanzanares.com\/contacta-con-manzanares-arquitectos\/#primaryimage","url":"https:\/\/chusmanzanares.com\/wp-content\/uploads\/2025\/02\/email.svg","contentUrl":"https:\/\/chusmanzanares.com\/wp-content\/uploads\/2025\/02\/email.svg"},{"@type":"BreadcrumbList","@id":"https:\/\/chusmanzanares.com\/contacta-con-manzanares-arquitectos\/#breadcrumb","itemListElement":[{"@type":"ListItem","position":1,"name":"Portada","item":"https:\/\/chusmanzanares.com\/"},{"@type":"ListItem","position":2,"name":"Contacta con Manzanares Arquitectos"}]},{"@type":"WebSite","@id":"https:\/\/chusmanzanares.com\/#website","url":"https:\/\/chusmanzanares.com\/","name":"Chus Manzanares | Arquitectos","description":"","publisher":{"@id":"https:\/\/chusmanzanares.com\/#organization"},"potentialAction":[{"@type":"SearchAction","target":{"@type":"EntryPoint","urlTemplate":"https:\/\/chusmanzanares.com\/?s={search_term_string}"},"query-input":{"@type":"PropertyValueSpecification","valueRequired":true,"valueName":"search_term_string"}}],"inLanguage":"en-US"},{"@type":"Organization","@id":"https:\/\/chusmanzanares.com\/#organization","name":"Chus Manzanares | Arquitectos","url":"https:\/\/chusmanzanares.com\/","logo":{"@type":"ImageObject","inLanguage":"en-US","@id":"https:\/\/chusmanzanares.com\/#\/schema\/logo\/image\/","url":"https:\/\/chusmanzanares.com\/wp-content\/uploads\/2025\/02\/LogoChus-14.png","contentUrl":"https:\/\/chusmanzanares.com\/wp-content\/uploads\/2025\/02\/LogoChus-14.png","width":4025,"height":1085,"caption":"Chus Manzanares | Arquitectos"},"image":{"@id":"https:\/\/chusmanzanares.com\/#\/schema\/logo\/image\/"}}]}},"_links":{"self":[{"href":"https:\/\/chusmanzanares.com\/en\/wp-json\/wp\/v2\/pages\/18","targetHints":{"allow":["GET"]}}],"collection":[{"href":"https:\/\/chusmanzanares.com\/en\/wp-json\/wp\/v2\/pages"}],"about":[{"href":"https:\/\/chusmanzanares.com\/en\/wp-json\/wp\/v2\/types\/page"}],"author":[{"embeddable":true,"href":"https:\/\/chusmanzanares.com\/en\/wp-json\/wp\/v2\/users\/2"}],"replies":[{"embeddable":true,"href":"https:\/\/chusmanzanares.com\/en\/wp-json\/wp\/v2\/comments?post=18"}],"version-history":[{"count":33,"href":"https:\/\/chusmanzanares.com\/en\/wp-json\/wp\/v2\/pages\/18\/revisions"}],"predecessor-version":[{"id":578,"href":"https:\/\/chusmanzanares.com\/en\/wp-json\/wp\/v2\/pages\/18\/revisions\/578"}],"wp:attachment":[{"href":"https:\/\/chusmanzanares.com\/en\/wp-json\/wp\/v2\/media?parent=18"}],"curies":[{"name":"wp","href":"https:\/\/api.w.org\/{rel}","templated":true}]}}