{"id":16,"date":"2025-02-12T14:37:29","date_gmt":"2025-02-12T14:37:29","guid":{"rendered":"https:\/\/chusmanzanares.com\/?page_id=16"},"modified":"2025-06-04T09:13:33","modified_gmt":"2025-06-04T09:13:33","slug":"sobre-nuestro-estudio-de-arquitectos","status":"publish","type":"page","link":"https:\/\/chusmanzanares.com\/en\/sobre-nuestro-estudio-de-arquitectos\/","title":{"rendered":"Estudio de arquitectos con m\u00e1s de 30 a\u00f1os de experiencia | Manzanares Arquitectos"},"content":{"rendered":"<div data-elementor-type=\"wp-page\" data-elementor-id=\"16\" class=\"elementor elementor-16\" data-elementor-post-type=\"page\">\n\t\t\t\t<div class=\"elementor-element elementor-element-16664c5 e-flex e-con-boxed e-con e-parent\" data-id=\"16664c5\" data-element_type=\"container\" data-e-type=\"container\" data-settings=\"{&quot;background_background&quot;:&quot;classic&quot;}\">\n\t\t\t\t\t<div class=\"e-con-inner\">\n\t\t<div class=\"elementor-element elementor-element-3fcbcb2 e-con-full e-flex e-con e-child\" data-id=\"3fcbcb2\" data-element_type=\"container\" data-e-type=\"container\">\n\t\t\t\t<div class=\"elementor-element elementor-element-20af5a1 elementor-invisible elementor-widget elementor-widget-heading\" data-id=\"20af5a1\" data-element_type=\"widget\" data-e-type=\"widget\" data-settings=\"{&quot;_animation&quot;:&quot;fadeInUp&quot;}\" data-widget_type=\"heading.default\">\n\t\t\t\t<div class=\"elementor-widget-container\">\n\t\t\t\t\t<h1 class=\"elementor-heading-title elementor-size-default\">Sobre nuestro estudio <br>de arquitectos \n<br><\/h1>\t\t\t\t<\/div>\n\t\t\t\t<\/div>\n\t\t\t\t<\/div>\n\t\t\t\t\t<\/div>\n\t\t\t\t<\/div>\n\t\t<div class=\"elementor-element elementor-element-3206c03 e-flex e-con-boxed e-con e-parent\" data-id=\"3206c03\" data-element_type=\"container\" data-e-type=\"container\" data-settings=\"{&quot;background_background&quot;:&quot;classic&quot;}\">\n\t\t\t\t\t<div class=\"e-con-inner\">\n\t\t\t\t<div class=\"elementor-element elementor-element-293b1e2 elementor-widget__width-initial elementor-widget elementor-widget-heading\" data-id=\"293b1e2\" data-element_type=\"widget\" data-e-type=\"widget\" data-widget_type=\"heading.default\">\n\t\t\t\t<div class=\"elementor-widget-container\">\n\t\t\t\t\t<h2 class=\"elementor-heading-title elementor-size-default\"> Comprometidos con la sostenibilidad \ny la innovaci\u00f3n<\/h2>\t\t\t\t<\/div>\n\t\t\t\t<\/div>\n\t\t\t\t<div class=\"elementor-element elementor-element-7cf3dcc elementor-widget-divider--view-line elementor-widget elementor-widget-divider\" data-id=\"7cf3dcc\" data-element_type=\"widget\" data-e-type=\"widget\" data-widget_type=\"divider.default\">\n\t\t\t\t<div class=\"elementor-widget-container\">\n\t\t\t\t\t\t\t<div class=\"elementor-divider\">\n\t\t\t<span class=\"elementor-divider-separator\">\n\t\t\t\t\t\t<\/span>\n\t\t<\/div>\n\t\t\t\t\t\t<\/div>\n\t\t\t\t<\/div>\n\t\t<div class=\"elementor-element elementor-element-52fc298 e-con-full e-flex e-con e-child\" data-id=\"52fc298\" data-element_type=\"container\" data-e-type=\"container\">\n\t\t<div class=\"elementor-element elementor-element-8a24202 e-con-full e-flex e-con e-child\" data-id=\"8a24202\" data-element_type=\"container\" data-e-type=\"container\">\n\t\t\t\t<div class=\"elementor-element elementor-element-4ac1da2 elementor-widget elementor-widget-image\" data-id=\"4ac1da2\" data-element_type=\"widget\" data-e-type=\"widget\" data-widget_type=\"image.default\">\n\t\t\t\t<div class=\"elementor-widget-container\">\n\t\t\t\t\t\t\t\t\t\t\t\t\t\t\t<img fetchpriority=\"high\" decoding=\"async\" width=\"800\" height=\"887\" src=\"https:\/\/chusmanzanares.com\/wp-content\/uploads\/2025\/02\/low-angle-view-impact-exhibition-center-against-clear-sky-2.webp\" class=\"attachment-large size-large wp-image-87\" alt=\"low-angle-view-impact-exhibition-center-against-clear-sky 2\" srcset=\"https:\/\/chusmanzanares.com\/wp-content\/uploads\/2025\/02\/low-angle-view-impact-exhibition-center-against-clear-sky-2.webp 903w, https:\/\/chusmanzanares.com\/wp-content\/uploads\/2025\/02\/low-angle-view-impact-exhibition-center-against-clear-sky-2-271x300.webp 271w, https:\/\/chusmanzanares.com\/wp-content\/uploads\/2025\/02\/low-angle-view-impact-exhibition-center-against-clear-sky-2-768x851.webp 768w\" sizes=\"(max-width: 800px) 100vw, 800px\" \/>\t\t\t\t\t\t\t\t\t\t\t\t\t\t\t<\/div>\n\t\t\t\t<\/div>\n\t\t\t\t<\/div>\n\t\t<div class=\"elementor-element elementor-element-ba31774 e-con-full e-flex e-con e-child\" data-id=\"ba31774\" data-element_type=\"container\" data-e-type=\"container\">\n\t\t\t\t<div class=\"elementor-element elementor-element-f884c55 elementor-widget elementor-widget-text-editor\" data-id=\"f884c55\" data-element_type=\"widget\" data-e-type=\"widget\" data-widget_type=\"text-editor.default\">\n\t\t\t\t<div class=\"elementor-widget-container\">\n\t\t\t\t\t\t\t\t\t<h3 data-start=\"164\" data-end=\"216\">Un estudio de arquitectos con visi\u00f3n integradora<\/h3><p data-start=\"218\" data-end=\"640\">Con m\u00e1s de 30 a\u00f1os de trayectoria, Manzanares Arquitectos es un estudio de arquitectos con una visi\u00f3n integradora que apuesta por la innovaci\u00f3n, la funcionalidad y el impacto social positivo. Contamos con un equipo multidisciplinario \u2014arquitectos, ingenieros y dise\u00f1adores\u2014 que trabaja de forma coordinada para ofrecer soluciones completas en cada proyecto, incluyendo tambi\u00e9n intervenciones de arquitectura de interiores.<\/p><h3 data-start=\"642\" data-end=\"695\">Proyectos de edificaci\u00f3n sostenibles y vers\u00e1tiles<\/h3><p data-start=\"697\" data-end=\"1063\">A lo largo de nuestra historia, hemos desarrollado proyectos de edificaci\u00f3n como complejos deportivos, bodegas, edificios residenciales y grandes desarrollos urban\u00edsticos, tanto en Espa\u00f1a como en el extranjero. En todos aplicamos criterios de edificaci\u00f3n sostenible, priorizando la eficiencia energ\u00e9tica, el uso de materiales responsables y la adaptaci\u00f3n al entorno.<\/p><h3 data-start=\"1065\" data-end=\"1101\">Gesti\u00f3n local con alcance global<\/h3><p data-start=\"1103\" data-end=\"1413\">Desde nuestra sede central en Madrid, coordinamos distintos equipos en terreno, lo que nos permite mantener una gesti\u00f3n cercana, \u00e1gil y adaptada a las necesidades locales. Esta estructura fortalece nuestra capacidad para dise\u00f1ar espacios coherentes con el entorno y \u00fatiles para las comunidades que los habitan.<\/p><h3 data-start=\"1415\" data-end=\"1473\">Arquitectura con identidad, funcionalidad y compromiso<\/h3><p data-start=\"1475\" data-end=\"1720\">En Manzanares Arquitectos, creemos en el poder transformador de la arquitectura como herramienta para mejorar la vida de las personas. Por eso, cada encargo se convierte en una oportunidad para integrar dise\u00f1o, tecnolog\u00eda y compromiso ambiental.<\/p><p data-start=\"1722\" data-end=\"1915\">Nuestro estudio de arquitectos trabaja con un enfoque claro: crear proyectos que no solo cumplan una funci\u00f3n est\u00e9tica, sino que tambi\u00e9n aporten bienestar y sostenibilidad desde la arquitectura.<\/p><p data-start=\"1917\" data-end=\"2260\">Adem\u00e1s, nos implicamos en todas las fases del proceso \u2014desde la conceptualizaci\u00f3n hasta la ejecuci\u00f3n\u2014 para garantizar resultados de alta calidad t\u00e9cnica y humana. Trabajamos con clientes p\u00fablicos y privados, desarrollando propuestas personalizadas que reflejan su identidad y responden a sus objetivos funcionales, sociales y medioambientales.<\/p>\t\t\t\t\t\t\t\t<\/div>\n\t\t\t\t<\/div>\n\t\t\t\t<\/div>\n\t\t\t\t<\/div>\n\t\t\t\t<div class=\"elementor-element elementor-element-993af0d elementor-hidden-desktop elementor-hidden-laptop elementor-hidden-tablet elementor-hidden-mobile elementor-widget-divider--view-line elementor-widget elementor-widget-divider\" data-id=\"993af0d\" data-element_type=\"widget\" data-e-type=\"widget\" data-widget_type=\"divider.default\">\n\t\t\t\t<div class=\"elementor-widget-container\">\n\t\t\t\t\t\t\t<div class=\"elementor-divider\">\n\t\t\t<span class=\"elementor-divider-separator\">\n\t\t\t\t\t\t<\/span>\n\t\t<\/div>\n\t\t\t\t\t\t<\/div>\n\t\t\t\t<\/div>\n\t\t\t\t\t<\/div>\n\t\t\t\t<\/div>\n\t\t<div class=\"elementor-element elementor-element-49c3839 elementor-hidden-desktop elementor-hidden-laptop elementor-hidden-tablet elementor-hidden-mobile e-flex e-con-boxed e-con e-parent\" data-id=\"49c3839\" data-element_type=\"container\" data-e-type=\"container\" data-settings=\"{&quot;background_background&quot;:&quot;classic&quot;}\">\n\t\t\t\t\t<div class=\"e-con-inner\">\n\t\t\t\t<div class=\"elementor-element elementor-element-cfc2028 elementor-widget__width-inherit elementor-widget elementor-widget-heading\" data-id=\"cfc2028\" data-element_type=\"widget\" data-e-type=\"widget\" data-widget_type=\"heading.default\">\n\t\t\t\t<div class=\"elementor-widget-container\">\n\t\t\t\t\t<h2 class=\"elementor-heading-title elementor-size-default\">Lideramos proyectos en diferentes pa\u00edses y nos ADAPTAMOS a las necesidades locales.<\/h2>\t\t\t\t<\/div>\n\t\t\t\t<\/div>\n\t\t\t\t\t<\/div>\n\t\t\t\t<\/div>\n\t\t\t\t<\/div>","protected":false},"excerpt":{"rendered":"<p>Sobre nuestro estudio de arquitectos Comprometidos con la sostenibilidad y la innovaci\u00f3n Un estudio de arquitectos con visi\u00f3n integradora Con m\u00e1s de 30 a\u00f1os de trayectoria, Manzanares Arquitectos es un estudio de arquitectos con una visi\u00f3n integradora que apuesta por la innovaci\u00f3n, la funcionalidad y el impacto social positivo. Contamos con un equipo multidisciplinario \u2014arquitectos, [&hellip;]<\/p>\n","protected":false},"author":2,"featured_media":0,"parent":0,"menu_order":0,"comment_status":"closed","ping_status":"closed","template":"elementor_header_footer","meta":{"_acf_changed":false,"footnotes":""},"class_list":["post-16","page","type-page","status-publish","hentry"],"acf":[],"yoast_head":"<!-- This site is optimized with the Yoast SEO plugin v25.0 - https:\/\/yoast.com\/wordpress\/plugins\/seo\/ -->\n<title>Estudio de arquitectos con m\u00e1s de 30 a\u00f1os de experiencia<\/title>\n<meta name=\"description\" content=\"Conoce a Manzanares Arquitectos. Nuestro estudio de arquitectos combina sostenibilidad, funcionalidad y compromiso social.\" \/>\n<meta name=\"robots\" content=\"index, follow, max-snippet:-1, max-image-preview:large, max-video-preview:-1\" \/>\n<link rel=\"canonical\" href=\"https:\/\/chusmanzanares.com\/en\/sobre-nuestro-estudio-de-arquitectos\/\" \/>\n<meta property=\"og:locale\" content=\"en_US\" \/>\n<meta property=\"og:type\" content=\"article\" \/>\n<meta property=\"og:title\" content=\"Estudio de arquitectos con m\u00e1s de 30 a\u00f1os de experiencia\" \/>\n<meta property=\"og:description\" content=\"Conoce a Manzanares Arquitectos. Nuestro estudio de arquitectos combina sostenibilidad, funcionalidad y compromiso social.\" \/>\n<meta property=\"og:url\" content=\"https:\/\/chusmanzanares.com\/en\/sobre-nuestro-estudio-de-arquitectos\/\" \/>\n<meta property=\"og:site_name\" content=\"Chus Manzanares | Arquitectos\" \/>\n<meta property=\"article:modified_time\" content=\"2025-06-04T09:13:33+00:00\" \/>\n<meta property=\"og:image\" content=\"https:\/\/chusmanzanares.com\/wp-content\/uploads\/2025\/02\/low-angle-view-impact-exhibition-center-against-clear-sky-2.webp\" \/>\n\t<meta property=\"og:image:width\" content=\"903\" \/>\n\t<meta property=\"og:image:height\" content=\"1001\" \/>\n\t<meta property=\"og:image:type\" content=\"image\/webp\" \/>\n<meta name=\"twitter:card\" content=\"summary_large_image\" \/>\n<meta name=\"twitter:label1\" content=\"Est. reading time\" \/>\n\t<meta name=\"twitter:data1\" content=\"2 minutes\" \/>\n<script type=\"application\/ld+json\" class=\"yoast-schema-graph\">{\"@context\":\"https:\/\/schema.org\",\"@graph\":[{\"@type\":\"WebPage\",\"@id\":\"https:\/\/chusmanzanares.com\/sobre-nuestro-estudio-de-arquitectos\/\",\"url\":\"https:\/\/chusmanzanares.com\/sobre-nuestro-estudio-de-arquitectos\/\",\"name\":\"Estudio de arquitectos con m\u00e1s de 30 a\u00f1os de experiencia\",\"isPartOf\":{\"@id\":\"https:\/\/chusmanzanares.com\/#website\"},\"primaryImageOfPage\":{\"@id\":\"https:\/\/chusmanzanares.com\/sobre-nuestro-estudio-de-arquitectos\/#primaryimage\"},\"image\":{\"@id\":\"https:\/\/chusmanzanares.com\/sobre-nuestro-estudio-de-arquitectos\/#primaryimage\"},\"thumbnailUrl\":\"https:\/\/chusmanzanares.com\/wp-content\/uploads\/2025\/02\/low-angle-view-impact-exhibition-center-against-clear-sky-2.webp\",\"datePublished\":\"2025-02-12T14:37:29+00:00\",\"dateModified\":\"2025-06-04T09:13:33+00:00\",\"description\":\"Conoce a Manzanares Arquitectos. Nuestro estudio de arquitectos combina sostenibilidad, funcionalidad y compromiso social.\",\"breadcrumb\":{\"@id\":\"https:\/\/chusmanzanares.com\/sobre-nuestro-estudio-de-arquitectos\/#breadcrumb\"},\"inLanguage\":\"en-US\",\"potentialAction\":[{\"@type\":\"ReadAction\",\"target\":[\"https:\/\/chusmanzanares.com\/sobre-nuestro-estudio-de-arquitectos\/\"]}]},{\"@type\":\"ImageObject\",\"inLanguage\":\"en-US\",\"@id\":\"https:\/\/chusmanzanares.com\/sobre-nuestro-estudio-de-arquitectos\/#primaryimage\",\"url\":\"https:\/\/chusmanzanares.com\/wp-content\/uploads\/2025\/02\/low-angle-view-impact-exhibition-center-against-clear-sky-2.webp\",\"contentUrl\":\"https:\/\/chusmanzanares.com\/wp-content\/uploads\/2025\/02\/low-angle-view-impact-exhibition-center-against-clear-sky-2.webp\"},{\"@type\":\"BreadcrumbList\",\"@id\":\"https:\/\/chusmanzanares.com\/sobre-nuestro-estudio-de-arquitectos\/#breadcrumb\",\"itemListElement\":[{\"@type\":\"ListItem\",\"position\":1,\"name\":\"Portada\",\"item\":\"https:\/\/chusmanzanares.com\/\"},{\"@type\":\"ListItem\",\"position\":2,\"name\":\"Estudio de arquitectos con m\u00e1s de 30 a\u00f1os de experiencia | Manzanares Arquitectos\"}]},{\"@type\":\"WebSite\",\"@id\":\"https:\/\/chusmanzanares.com\/#website\",\"url\":\"https:\/\/chusmanzanares.com\/\",\"name\":\"Chus Manzanares | Arquitectos\",\"description\":\"\",\"publisher\":{\"@id\":\"https:\/\/chusmanzanares.com\/#organization\"},\"potentialAction\":[{\"@type\":\"SearchAction\",\"target\":{\"@type\":\"EntryPoint\",\"urlTemplate\":\"https:\/\/chusmanzanares.com\/?s={search_term_string}\"},\"query-input\":{\"@type\":\"PropertyValueSpecification\",\"valueRequired\":true,\"valueName\":\"search_term_string\"}}],\"inLanguage\":\"en-US\"},{\"@type\":\"Organization\",\"@id\":\"https:\/\/chusmanzanares.com\/#organization\",\"name\":\"Chus Manzanares | Arquitectos\",\"url\":\"https:\/\/chusmanzanares.com\/\",\"logo\":{\"@type\":\"ImageObject\",\"inLanguage\":\"en-US\",\"@id\":\"https:\/\/chusmanzanares.com\/#\/schema\/logo\/image\/\",\"url\":\"https:\/\/chusmanzanares.com\/wp-content\/uploads\/2025\/02\/LogoChus-14.png\",\"contentUrl\":\"https:\/\/chusmanzanares.com\/wp-content\/uploads\/2025\/02\/LogoChus-14.png\",\"width\":4025,\"height\":1085,\"caption\":\"Chus Manzanares | Arquitectos\"},\"image\":{\"@id\":\"https:\/\/chusmanzanares.com\/#\/schema\/logo\/image\/\"}}]}<\/script>\n<!-- \/ Yoast SEO plugin. -->","yoast_head_json":{"title":"Estudio de arquitectos con m\u00e1s de 30 a\u00f1os de experiencia","description":"Conoce a Manzanares Arquitectos. Nuestro estudio de arquitectos combina sostenibilidad, funcionalidad y compromiso social.","robots":{"index":"index","follow":"follow","max-snippet":"max-snippet:-1","max-image-preview":"max-image-preview:large","max-video-preview":"max-video-preview:-1"},"canonical":"https:\/\/chusmanzanares.com\/en\/sobre-nuestro-estudio-de-arquitectos\/","og_locale":"en_US","og_type":"article","og_title":"Estudio de arquitectos con m\u00e1s de 30 a\u00f1os de experiencia","og_description":"Conoce a Manzanares Arquitectos. Nuestro estudio de arquitectos combina sostenibilidad, funcionalidad y compromiso social.","og_url":"https:\/\/chusmanzanares.com\/en\/sobre-nuestro-estudio-de-arquitectos\/","og_site_name":"Chus Manzanares | Arquitectos","article_modified_time":"2025-06-04T09:13:33+00:00","og_image":[{"width":903,"height":1001,"url":"https:\/\/chusmanzanares.com\/wp-content\/uploads\/2025\/02\/low-angle-view-impact-exhibition-center-against-clear-sky-2.webp","type":"image\/webp"}],"twitter_card":"summary_large_image","twitter_misc":{"Est. reading time":"2 minutes"},"schema":{"@context":"https:\/\/schema.org","@graph":[{"@type":"WebPage","@id":"https:\/\/chusmanzanares.com\/sobre-nuestro-estudio-de-arquitectos\/","url":"https:\/\/chusmanzanares.com\/sobre-nuestro-estudio-de-arquitectos\/","name":"Estudio de arquitectos con m\u00e1s de 30 a\u00f1os de experiencia","isPartOf":{"@id":"https:\/\/chusmanzanares.com\/#website"},"primaryImageOfPage":{"@id":"https:\/\/chusmanzanares.com\/sobre-nuestro-estudio-de-arquitectos\/#primaryimage"},"image":{"@id":"https:\/\/chusmanzanares.com\/sobre-nuestro-estudio-de-arquitectos\/#primaryimage"},"thumbnailUrl":"https:\/\/chusmanzanares.com\/wp-content\/uploads\/2025\/02\/low-angle-view-impact-exhibition-center-against-clear-sky-2.webp","datePublished":"2025-02-12T14:37:29+00:00","dateModified":"2025-06-04T09:13:33+00:00","description":"Conoce a Manzanares Arquitectos. Nuestro estudio de arquitectos combina sostenibilidad, funcionalidad y compromiso social.","breadcrumb":{"@id":"https:\/\/chusmanzanares.com\/sobre-nuestro-estudio-de-arquitectos\/#breadcrumb"},"inLanguage":"en-US","potentialAction":[{"@type":"ReadAction","target":["https:\/\/chusmanzanares.com\/sobre-nuestro-estudio-de-arquitectos\/"]}]},{"@type":"ImageObject","inLanguage":"en-US","@id":"https:\/\/chusmanzanares.com\/sobre-nuestro-estudio-de-arquitectos\/#primaryimage","url":"https:\/\/chusmanzanares.com\/wp-content\/uploads\/2025\/02\/low-angle-view-impact-exhibition-center-against-clear-sky-2.webp","contentUrl":"https:\/\/chusmanzanares.com\/wp-content\/uploads\/2025\/02\/low-angle-view-impact-exhibition-center-against-clear-sky-2.webp"},{"@type":"BreadcrumbList","@id":"https:\/\/chusmanzanares.com\/sobre-nuestro-estudio-de-arquitectos\/#breadcrumb","itemListElement":[{"@type":"ListItem","position":1,"name":"Portada","item":"https:\/\/chusmanzanares.com\/"},{"@type":"ListItem","position":2,"name":"Estudio de arquitectos con m\u00e1s de 30 a\u00f1os de experiencia | Manzanares Arquitectos"}]},{"@type":"WebSite","@id":"https:\/\/chusmanzanares.com\/#website","url":"https:\/\/chusmanzanares.com\/","name":"Chus Manzanares | Arquitectos","description":"","publisher":{"@id":"https:\/\/chusmanzanares.com\/#organization"},"potentialAction":[{"@type":"SearchAction","target":{"@type":"EntryPoint","urlTemplate":"https:\/\/chusmanzanares.com\/?s={search_term_string}"},"query-input":{"@type":"PropertyValueSpecification","valueRequired":true,"valueName":"search_term_string"}}],"inLanguage":"en-US"},{"@type":"Organization","@id":"https:\/\/chusmanzanares.com\/#organization","name":"Chus Manzanares | Arquitectos","url":"https:\/\/chusmanzanares.com\/","logo":{"@type":"ImageObject","inLanguage":"en-US","@id":"https:\/\/chusmanzanares.com\/#\/schema\/logo\/image\/","url":"https:\/\/chusmanzanares.com\/wp-content\/uploads\/2025\/02\/LogoChus-14.png","contentUrl":"https:\/\/chusmanzanares.com\/wp-content\/uploads\/2025\/02\/LogoChus-14.png","width":4025,"height":1085,"caption":"Chus Manzanares | Arquitectos"},"image":{"@id":"https:\/\/chusmanzanares.com\/#\/schema\/logo\/image\/"}}]}},"_links":{"self":[{"href":"https:\/\/chusmanzanares.com\/en\/wp-json\/wp\/v2\/pages\/16","targetHints":{"allow":["GET"]}}],"collection":[{"href":"https:\/\/chusmanzanares.com\/en\/wp-json\/wp\/v2\/pages"}],"about":[{"href":"https:\/\/chusmanzanares.com\/en\/wp-json\/wp\/v2\/types\/page"}],"author":[{"embeddable":true,"href":"https:\/\/chusmanzanares.com\/en\/wp-json\/wp\/v2\/users\/2"}],"replies":[{"embeddable":true,"href":"https:\/\/chusmanzanares.com\/en\/wp-json\/wp\/v2\/comments?post=16"}],"version-history":[{"count":71,"href":"https:\/\/chusmanzanares.com\/en\/wp-json\/wp\/v2\/pages\/16\/revisions"}],"predecessor-version":[{"id":575,"href":"https:\/\/chusmanzanares.com\/en\/wp-json\/wp\/v2\/pages\/16\/revisions\/575"}],"wp:attachment":[{"href":"https:\/\/chusmanzanares.com\/en\/wp-json\/wp\/v2\/media?parent=16"}],"curies":[{"name":"wp","href":"https:\/\/api.w.org\/{rel}","templated":true}]}}